{"id":49,"date":"2018-05-01T10:02:24","date_gmt":"2018-05-01T10:02:24","guid":{"rendered":"http:\/\/www.privat-foto-video.de\/?page_id=49"},"modified":"2023-12-03T15:27:00","modified_gmt":"2023-12-03T15:27:00","slug":"ueber-uns","status":"publish","type":"page","link":"https:\/\/www.privat-foto-video.de\/?page_id=49","title":{"rendered":"\u00dcber uns"},"content":{"rendered":"<p>[et_pb_section bb_built=&#8220;1&#8243; _builder_version=&#8220;3.2&#8243; inner_width=&#8220;auto&#8220; inner_max_width=&#8220;1080px&#8220;][et_pb_row _builder_version=&#8220;3.2&#8243; width=&#8220;80%&#8220; max_width=&#8220;1080px&#8220;][et_pb_column type=&#8220;1_3&#8243; custom_padding__hover=&#8220;|||&#8220; custom_padding=&#8220;|||&#8220;][et_pb_slider show_pagination=&#8220;off&#8220; _builder_version=&#8220;3.2&#8243; header_text_color=&#8220;#141414&#8243; body_text_color=&#8220;#111111&#8243; background_color=&#8220;#ffffff&#8220; text_orientation=&#8220;left&#8220; animation_style=&#8220;fold&#8220; auto=&#8220;on&#8220; auto_speed=&#8220;6000&#8243; saved_tabs=&#8220;all&#8220; button_text_size__hover_enabled=&#8220;off&#8220; button_text_size__hover=&#8220;null&#8220; button_one_text_size__hover_enabled=&#8220;off&#8220; button_one_text_size__hover=&#8220;null&#8220; button_two_text_size__hover_enabled=&#8220;off&#8220; button_two_text_size__hover=&#8220;null&#8220; button_text_color__hover_enabled=&#8220;off&#8220; button_text_color__hover=&#8220;null&#8220; button_one_text_color__hover_enabled=&#8220;off&#8220; button_one_text_color__hover=&#8220;null&#8220; button_two_text_color__hover_enabled=&#8220;off&#8220; button_two_text_color__hover=&#8220;null&#8220; button_border_width__hover_enabled=&#8220;off&#8220; button_border_width__hover=&#8220;null&#8220; button_one_border_width__hover_enabled=&#8220;off&#8220; button_one_border_width__hover=&#8220;null&#8220; button_two_border_width__hover_enabled=&#8220;off&#8220; button_two_border_width__hover=&#8220;null&#8220; button_border_color__hover_enabled=&#8220;off&#8220; button_border_color__hover=&#8220;null&#8220; button_one_border_color__hover_enabled=&#8220;off&#8220; button_one_border_color__hover=&#8220;null&#8220; button_two_border_color__hover_enabled=&#8220;off&#8220; button_two_border_color__hover=&#8220;null&#8220; button_border_radius__hover_enabled=&#8220;off&#8220; button_border_radius__hover=&#8220;null&#8220; button_one_border_radius__hover_enabled=&#8220;off&#8220; button_one_border_radius__hover=&#8220;null&#8220; button_two_border_radius__hover_enabled=&#8220;off&#8220; button_two_border_radius__hover=&#8220;null&#8220; button_letter_spacing__hover_enabled=&#8220;off&#8220; button_letter_spacing__hover=&#8220;null&#8220; button_one_letter_spacing__hover_enabled=&#8220;off&#8220; button_one_letter_spacing__hover=&#8220;null&#8220; button_two_letter_spacing__hover_enabled=&#8220;off&#8220; button_two_letter_spacing__hover=&#8220;null&#8220; button_bg_color__hover_enabled=&#8220;off&#8220; button_bg_color__hover=&#8220;null&#8220; button_one_bg_color__hover_enabled=&#8220;off&#8220; button_one_bg_color__hover=&#8220;null&#8220; button_two_bg_color__hover_enabled=&#8220;off&#8220; button_two_bg_color__hover=&#8220;null&#8220;][et_pb_slide image=&#8220;http:\/\/www.privat-foto-video.de\/wp-content\/uploads\/2018\/05\/Portrait-im-Garten.jpg&#8220; use_bg_overlay=&#8220;off&#8220; use_text_overlay=&#8220;off&#8220; _builder_version=&#8220;3.2&#8243; background_color=&#8220;#ffffff&#8220; button_on_hover=&#8220;on&#8220;]Einzel-Freigabe: Fr\u00fchlings-Beauty.<br \/>\n[\/et_pb_slide][et_pb_slide image=&#8220;http:\/\/www.privat-foto-video.de\/wp-content\/uploads\/2018\/05\/Junges-Ballett-Talent.jpg&#8220; use_bg_overlay=&#8220;off&#8220; use_text_overlay=&#8220;off&#8220; _builder_version=&#8220;3.2&#8243;]Kleines Ballett-Talent. Motiv aus Serie.<br \/>\n[\/et_pb_slide][et_pb_slide image=&#8220;http:\/\/www.privat-foto-video.de\/wp-content\/uploads\/2018\/05\/Momentaufnahme-w\u00e4hrend-Vielseitigkeits-Reitturnier.jpg&#8220; use_bg_overlay=&#8220;off&#8220; use_text_overlay=&#8220;off&#8220; _builder_version=&#8220;3.2&#8243; button_on_hover=&#8220;on&#8220;]Momentaufnahme w\u00e4hrend eines Vielseitigkeits-Reitturnieres. Motiv aus Serie.<br \/>\n[\/et_pb_slide][et_pb_slide image=&#8220;http:\/\/www.privat-foto-video.de\/wp-content\/uploads\/2018\/05\/Outdoor-Portrait-am-See-mit-Unsch\u00e4rfen-Bearbeitung.jpg&#8220; use_bg_overlay=&#8220;off&#8220; use_text_overlay=&#8220;off&#8220; _builder_version=&#8220;3.2&#8243; button_on_hover=&#8220;on&#8220;]Portrait vor Unsch\u00e4rfe. Motiv aus Serie.<br \/>\n[\/et_pb_slide][et_pb_slide image=&#8220;http:\/\/www.privat-foto-video.de\/wp-content\/uploads\/2018\/05\/Winterliches-Studio-Motiv-nachbearbeitet.jpg&#8220; use_bg_overlay=&#8220;off&#8220; use_text_overlay=&#8220;off&#8220; _builder_version=&#8220;3.2&#8243; button_on_hover=&#8220;on&#8220;]Motiv f\u00fcr CD-Cover. Stark nachbearbeitet.<br \/>\n[\/et_pb_slide][et_pb_slide image=&#8220;http:\/\/www.privat-foto-video.de\/wp-content\/uploads\/2018\/05\/Babybauch-Motiv-nachbearbeitet-sw.jpg&#8220; use_bg_overlay=&#8220;off&#8220; use_text_overlay=&#8220;off&#8220; _builder_version=&#8220;3.2&#8243;]Babybauch-Motiv in Graut\u00f6nen bearbeitet.<br \/>\n[\/et_pb_slide][et_pb_slide image=&#8220;http:\/\/www.privat-foto-video.de\/wp-content\/uploads\/2018\/05\/Babybauch-Motiv-im-Studio.jpg&#8220; use_bg_overlay=&#8220;off&#8220; use_text_overlay=&#8220;off&#8220; _builder_version=&#8220;3.2&#8243; button_on_hover=&#8220;on&#8220;]Babybauch in T\u00fcchern &#8222;verpackt&#8220;.<br \/>\n[\/et_pb_slide][et_pb_slide image=&#8220;http:\/\/www.privat-foto-video.de\/wp-content\/uploads\/2018\/06\/Baby-Shooting-Beispiel-Lichteffekt..jpg&#8220; use_bg_overlay=&#8220;off&#8220; use_text_overlay=&#8220;off&#8220; _builder_version=&#8220;3.2&#8243; background_color=&#8220;#ffffff&#8220; button_on_hover=&#8220;on&#8220; background_layout=&#8220;light&#8220;]Motiv aus Baby-Shooting im Studio.<br \/>\n[\/et_pb_slide][et_pb_slide image=&#8220;http:\/\/www.privat-foto-video.de\/wp-content\/uploads\/2018\/10\/Posing-Beispiel.jpg&#8220; use_bg_overlay=&#8220;off&#8220; use_text_overlay=&#8220;off&#8220; _builder_version=&#8220;3.2&#8243; button_on_hover=&#8220;on&#8220;]Beispiel aus Fotoserie.<br \/>\n[\/et_pb_slide][et_pb_slide image=&#8220;http:\/\/www.privat-foto-video.de\/wp-content\/uploads\/2018\/06\/Motiv-30-aus-Baby-Shooting-Serie-3-bearbeitet..jpg&#8220; use_bg_overlay=&#8220;off&#8220; use_text_overlay=&#8220;off&#8220; _builder_version=&#8220;3.2&#8243; background_color=&#8220;#ffffff&#8220; button_on_hover=&#8220;on&#8220; background_layout=&#8220;light&#8220;]Motiv aus Baby-Shooting im Studio.<br \/>\n[\/et_pb_slide][et_pb_slide image=&#8220;http:\/\/www.privat-foto-video.de\/wp-content\/uploads\/2018\/05\/Motiv-aus-Shooting-Serie-an-der-M\u00fcritz.jpg&#8220; use_bg_overlay=&#8220;off&#8220; use_text_overlay=&#8220;off&#8220; _builder_version=&#8220;3.2&#8243; button_on_hover=&#8220;on&#8220;]&#8220;Fast&#8220;-Silhouette abends am See.<br \/>\n[\/et_pb_slide][et_pb_slide image=&#8220;http:\/\/www.privat-foto-video.de\/wp-content\/uploads\/2018\/10\/laessig-schoen1.jpg&#8220; use_bg_overlay=&#8220;off&#8220; use_text_overlay=&#8220;off&#8220; _builder_version=&#8220;3.2&#8243; button_on_hover=&#8220;on&#8220;]Bild aus Studioserie.<br \/>\n[\/et_pb_slide][et_pb_slide image=&#8220;http:\/\/www.privat-foto-video.de\/wp-content\/uploads\/2018\/05\/Freiheit-auf-dem-Pferder\u00fccken.jpg&#8220; use_bg_overlay=&#8220;off&#8220; use_text_overlay=&#8220;off&#8220; _builder_version=&#8220;3.2&#8243; button_on_hover=&#8220;on&#8220;]Freiheit auf dem Pferder\u00fccken.<br \/>\n[\/et_pb_slide][et_pb_slide image=&#8220;http:\/\/www.privat-foto-video.de\/wp-content\/uploads\/2018\/05\/Mit-Fessel-und-Farbe-2-aus-Motiv-Serie.jpg&#8220; use_bg_overlay=&#8220;off&#8220; use_text_overlay=&#8220;off&#8220; _builder_version=&#8220;3.2&#8243; button_on_hover=&#8220;on&#8220;]Mit Fessel und Farbe. Motiv aus Serie.<br \/>\n[\/et_pb_slide][et_pb_slide image=&#8220;http:\/\/www.privat-foto-video.de\/wp-content\/uploads\/2018\/05\/Kletter-Szene-w\u00e4hrend-eines-outdoor-Spa\u00df-Shootings.jpg&#8220; use_bg_overlay=&#8220;off&#8220; use_text_overlay=&#8220;off&#8220; _builder_version=&#8220;3.2&#8243; button_on_hover=&#8220;on&#8220;]Aus Motiv-Serie &#8222;Spa\u00df in der Natur&#8220;.<br \/>\n[\/et_pb_slide][et_pb_slide image=&#8220;http:\/\/www.privat-foto-video.de\/wp-content\/uploads\/2018\/05\/Motiv-Home-Shootings.jpg&#8220; use_bg_overlay=&#8220;off&#8220; use_text_overlay=&#8220;off&#8220; _builder_version=&#8220;3.2&#8243; button_on_hover=&#8220;on&#8220;]Motiv aus Homeshooting-Serie.<br \/>\n[\/et_pb_slide][et_pb_slide image=&#8220;http:\/\/www.privat-foto-video.de\/wp-content\/uploads\/2018\/05\/Familien-Homeshooting.jpg&#8220; use_bg_overlay=&#8220;off&#8220; use_text_overlay=&#8220;off&#8220; _builder_version=&#8220;3.2&#8243; button_on_hover=&#8220;on&#8220;]Einzel-Freigabe: Motiv aus Familien-Shooting. In- und Outdoor.<br \/>\n[\/et_pb_slide][et_pb_slide image=&#8220;http:\/\/www.privat-foto-video.de\/wp-content\/uploads\/2018\/05\/Shooting-Serie-auch-ohne-Model-Ma\u00dfe.jpg&#8220; use_bg_overlay=&#8220;off&#8220; use_text_overlay=&#8220;off&#8220; _builder_version=&#8220;3.2&#8243; button_on_hover=&#8220;on&#8220;]Motiv aus Shooting-Serie. <em>&#8222;F\u00fcr sch\u00f6ne Bilder braucht es keine Model-Ma\u00dfe.&#8220;<\/em><br \/>\n[\/et_pb_slide][et_pb_slide image=&#8220;http:\/\/www.privat-foto-video.de\/wp-content\/uploads\/2018\/10\/erotischer-Schmuck1.jpg&#8220; use_bg_overlay=&#8220;off&#8220; use_text_overlay=&#8220;off&#8220; _builder_version=&#8220;3.2&#8243; button_on_hover=&#8220;on&#8220;]Motiv aus Modeschmuck-Serie.<br \/>\n[\/et_pb_slide][et_pb_slide image=&#8220;http:\/\/www.privat-foto-video.de\/wp-content\/uploads\/2018\/05\/Motiv-aus-Freundinnen-Shooting-im-Studio.jpg&#8220; use_bg_overlay=&#8220;off&#8220; use_text_overlay=&#8220;off&#8220; _builder_version=&#8220;3.2&#8243; button_on_hover=&#8220;on&#8220;]Motiv aus Freundinnen-Shooting.<br \/>\n[\/et_pb_slide][et_pb_slide image=&#8220;http:\/\/www.privat-foto-video.de\/wp-content\/uploads\/2018\/05\/Bildausschnitt-Babybauch-Shooting.jpg&#8220; use_bg_overlay=&#8220;off&#8220; use_text_overlay=&#8220;off&#8220; _builder_version=&#8220;3.2&#8243; button_on_hover=&#8220;on&#8220;]Bild-Ausschnitt, Babybauch-Shooting im Studio.<br \/>\n[\/et_pb_slide][et_pb_slide image=&#8220;http:\/\/www.privat-foto-video.de\/wp-content\/uploads\/2018\/05\/Dance-Portrait-mit-leichtem-Windeffekt-und-nachbearbeitet.jpg&#8220; use_bg_overlay=&#8220;off&#8220; use_text_overlay=&#8220;off&#8220; _builder_version=&#8220;3.2&#8243; button_on_hover=&#8220;on&#8220;]Dancing-Portrait, \u00fcberstrahlt.<br \/>\n[\/et_pb_slide][et_pb_slide image=&#8220;http:\/\/www.privat-foto-video.de\/wp-content\/uploads\/2018\/10\/Portrait-aus-Studioserie.jpg&#8220; use_bg_overlay=&#8220;off&#8220; use_text_overlay=&#8220;off&#8220; _builder_version=&#8220;3.2&#8243; button_on_hover=&#8220;on&#8220;]Beispiel aus Foto-Studioserie.<br \/>\n[\/et_pb_slide][\/et_pb_slider][\/et_pb_column][et_pb_column type=&#8220;2_3&#8243; custom_padding__hover=&#8220;|||&#8220; custom_padding=&#8220;|||&#8220;][et_pb_text _builder_version=&#8220;4.23.1&#8243; width=&#8220;80%&#8220; max_width=&#8220;1080px&#8220; text_text_shadow_horizontal_length=&#8220;text_text_shadow_style,%91object Object%93&#8243; text_text_shadow_horizontal_length_tablet=&#8220;0px&#8220; text_text_shadow_vertical_length=&#8220;text_text_shadow_style,%91object Object%93&#8243; text_text_shadow_vertical_length_tablet=&#8220;0px&#8220; text_text_shadow_blur_strength=&#8220;text_text_shadow_style,%91object Object%93&#8243; text_text_shadow_blur_strength_tablet=&#8220;1px&#8220; link_text_shadow_horizontal_length=&#8220;link_text_shadow_style,%91object Object%93&#8243; link_text_shadow_horizontal_length_tablet=&#8220;0px&#8220; link_text_shadow_vertical_length=&#8220;link_text_shadow_style,%91object Object%93&#8243; link_text_shadow_vertical_length_tablet=&#8220;0px&#8220; link_text_shadow_blur_strength=&#8220;link_text_shadow_style,%91object Object%93&#8243; link_text_shadow_blur_strength_tablet=&#8220;1px&#8220; ul_text_shadow_horizontal_length=&#8220;ul_text_shadow_style,%91object Object%93&#8243; ul_text_shadow_horizontal_length_tablet=&#8220;0px&#8220; ul_text_shadow_vertical_length=&#8220;ul_text_shadow_style,%91object Object%93&#8243; ul_text_shadow_vertical_length_tablet=&#8220;0px&#8220; ul_text_shadow_blur_strength=&#8220;ul_text_shadow_style,%91object Object%93&#8243; ul_text_shadow_blur_strength_tablet=&#8220;1px&#8220; ol_text_shadow_horizontal_length=&#8220;ol_text_shadow_style,%91object Object%93&#8243; ol_text_shadow_horizontal_length_tablet=&#8220;0px&#8220; ol_text_shadow_vertical_length=&#8220;ol_text_shadow_style,%91object Object%93&#8243; ol_text_shadow_vertical_length_tablet=&#8220;0px&#8220; ol_text_shadow_blur_strength=&#8220;ol_text_shadow_style,%91object Object%93&#8243; ol_text_shadow_blur_strength_tablet=&#8220;1px&#8220; quote_text_shadow_horizontal_length=&#8220;quote_text_shadow_style,%91object Object%93&#8243; quote_text_shadow_horizontal_length_tablet=&#8220;0px&#8220; quote_text_shadow_vertical_length=&#8220;quote_text_shadow_style,%91object Object%93&#8243; quote_text_shadow_vertical_length_tablet=&#8220;0px&#8220; quote_text_shadow_blur_strength=&#8220;quote_text_shadow_style,%91object Object%93&#8243; quote_text_shadow_blur_strength_tablet=&#8220;1px&#8220; header_text_shadow_horizontal_length=&#8220;header_text_shadow_style,%91object Object%93&#8243; header_text_shadow_horizontal_length_tablet=&#8220;0px&#8220; header_text_shadow_vertical_length=&#8220;header_text_shadow_style,%91object Object%93&#8243; header_text_shadow_vertical_length_tablet=&#8220;0px&#8220; header_text_shadow_blur_strength=&#8220;header_text_shadow_style,%91object Object%93&#8243; header_text_shadow_blur_strength_tablet=&#8220;1px&#8220; header_2_text_shadow_horizontal_length=&#8220;header_2_text_shadow_style,%91object Object%93&#8243; header_2_text_shadow_horizontal_length_tablet=&#8220;0px&#8220; header_2_text_shadow_vertical_length=&#8220;header_2_text_shadow_style,%91object Object%93&#8243; header_2_text_shadow_vertical_length_tablet=&#8220;0px&#8220; header_2_text_shadow_blur_strength=&#8220;header_2_text_shadow_style,%91object Object%93&#8243; header_2_text_shadow_blur_strength_tablet=&#8220;1px&#8220; header_3_text_shadow_horizontal_length=&#8220;header_3_text_shadow_style,%91object Object%93&#8243; header_3_text_shadow_horizontal_length_tablet=&#8220;0px&#8220; header_3_text_shadow_vertical_length=&#8220;header_3_text_shadow_style,%91object Object%93&#8243; header_3_text_shadow_vertical_length_tablet=&#8220;0px&#8220; header_3_text_shadow_blur_strength=&#8220;header_3_text_shadow_style,%91object Object%93&#8243; header_3_text_shadow_blur_strength_tablet=&#8220;1px&#8220; header_4_text_shadow_horizontal_length=&#8220;header_4_text_shadow_style,%91object Object%93&#8243; header_4_text_shadow_horizontal_length_tablet=&#8220;0px&#8220; header_4_text_shadow_vertical_length=&#8220;header_4_text_shadow_style,%91object Object%93&#8243; header_4_text_shadow_vertical_length_tablet=&#8220;0px&#8220; header_4_text_shadow_blur_strength=&#8220;header_4_text_shadow_style,%91object Object%93&#8243; header_4_text_shadow_blur_strength_tablet=&#8220;1px&#8220; header_5_text_shadow_horizontal_length=&#8220;header_5_text_shadow_style,%91object Object%93&#8243; header_5_text_shadow_horizontal_length_tablet=&#8220;0px&#8220; header_5_text_shadow_vertical_length=&#8220;header_5_text_shadow_style,%91object Object%93&#8243; header_5_text_shadow_vertical_length_tablet=&#8220;0px&#8220; header_5_text_shadow_blur_strength=&#8220;header_5_text_shadow_style,%91object Object%93&#8243; header_5_text_shadow_blur_strength_tablet=&#8220;1px&#8220; header_6_text_shadow_horizontal_length=&#8220;header_6_text_shadow_style,%91object Object%93&#8243; header_6_text_shadow_horizontal_length_tablet=&#8220;0px&#8220; header_6_text_shadow_vertical_length=&#8220;header_6_text_shadow_style,%91object Object%93&#8243; header_6_text_shadow_vertical_length_tablet=&#8220;0px&#8220; header_6_text_shadow_blur_strength=&#8220;header_6_text_shadow_style,%91object Object%93&#8243; header_6_text_shadow_blur_strength_tablet=&#8220;1px&#8220; box_shadow_horizontal_tablet=&#8220;0px&#8220; box_shadow_vertical_tablet=&#8220;0px&#8220; box_shadow_blur_tablet=&#8220;40px&#8220; box_shadow_spread_tablet=&#8220;0px&#8220; z_index_tablet=&#8220;500&#8243; background_pattern_color=&#8220;rgba(0,0,0,0.2)&#8220; background_mask_color=&#8220;#ffffff&#8220; vertical_offset_tablet=&#8220;0&#8243; horizontal_offset_tablet=&#8220;0&#8243;]<\/p>\n<h1><strong>Nein! Wir sind nicht Hollywood.<\/strong><\/h1>\n<p>\u00a0<\/p>\n<p>Das Studio misst gerade mal 40m\u00b2, unser Team k\u00f6nnen Sie an einer Hand abz\u00e4hlen und die Technik ist effektiv, statt pomp\u00f6s. Aber viele unserer Foto-\/Video-Produktionen k\u00f6nnten sich durchaus auch in Hollywood sehen lassen. Denn mit unseren Fotos wollen wir nicht nur abbilden. Wir wollen Emotionen wecken. Wirkung erreichen. Wir wollen &#8222;erz\u00e4hlen&#8220;: mal brav sinnlich, mal frech und provokant. Mal sachlich informativ, mal vertr\u00e4umt voller Phantasie. Manchmal gehen wir gern auch ganz neue Wege und sind immer offen f\u00fcr Experimente. Wie auch immer, das Motiv bestimmen letztlich Sie. Wir setzen es in Szene. Mit Licht und Schatten.<\/p>\n<p>\u00a0<\/p>\n<h1><strong>Ja! Wir haben Ideen und Kreativit\u00e4t.<br \/><\/strong><\/h1>\n<p>\u00a0<\/p>\n<p>Der Ursprung unserer Arbeit liegt in den vielen gro\u00dfen und kleinen gewerblichen Projekten f\u00fcr die Werbewirtschaft. Dort stehen stets klare Zielvorgaben im Vordergrund, die es zu erf\u00fcllen gilt. Das Ziel: &#8222;Mit einem Motiv einen ganz bestimmten Ausdruck in Szene zu setzen&#8220;. Am Anfang steht immer die Idee als Expos\u00e9 oder Layout. Ob im Studio, in fremden R\u00e4umen oder Outdoor, immer sind es letztlich die Erfahrungen und das KnowHow aus der Praxis, die das gew\u00fcnschte Ergebnis schaffen.<br \/>Und genau mit diesem Anspruch wollen wir neben unseren gewerblichen, jetzt auch privaten Kunden unsere Leistungen anbieten. G\u00fcnstiger. Individueller. Und immer mit viel Spa\u00df und Freude am &#8222;in Szene setzen&#8220;. Denn auch darauf kommt es uns an.<\/p>\n<p>\u00a0<\/p>\n<h1><strong>Entstanden aus einer Spontan-Idee.<\/strong><\/h1>\n<p>\u00a0<\/p>\n<p><em>&#8222;Wenn wir Fotos haupts\u00e4chlich mit beruflichem Hintergrund machen, aber in unserer Freizeit vom Fotografieren immer noch nicht genug haben, warum bieten wir Fotos nicht auch privaten Foto-Interessierten an?&#8220;<\/em> Das war die ausl\u00f6sende Idee. Und das war im Sp\u00e4tsommer 2017. Mittlerweile haben wir eine Vielzahl von Studio-, Outdoor- und Home-Shootings zu vielf\u00e4ltigen Themen umgesetzt. Dabei haben wir nicht nur viel Erfahrungen, sondern vor allem viele Foto-Freunde gewinnen k\u00f6nnen, die uns h\u00e4ufig mit stets neuen Themen- und Motiv-W\u00fcnschen ansprechen. F\u00fcr einige dieser &#8222;fotohungrigen&#8220; haben wir jetzt unseren <a href=\"http:\/\/www.privat-foto-video.de\/?page_id=214\">&#8222;<strong>foto-team-club<\/strong><\/a>&#8220; eingerichtet. Vielleicht w\u00e4re das auch etwas f\u00fcr Sie.<\/p>\n<p>\u00a0<\/p>\n<h1><strong>Und warum machen wir Fotos so g\u00fcnstig?\u00a0<\/strong><\/h1>\n<p>\u00a0<\/p>\n<p>Die Antwort ist ganz einfach: <em>&#8222;Fotografieren ist unsere Leidenschaft&#8220;<\/em>. Immer neue Motive. Neue Szenerien. Neue Themen. Neue Gestaltungen. Und neue Herausforderungen. So verbringen wir oft Stunden hinter der Kamera. Und werden immer besser, na ja, auf jeden Fall immer erfahrener. Was manchmal fehlt, sind die Akteure vor der Kamera. Menschen, die ebenso Spa\u00df am Fotografieren haben, wie wir &#8211; oder die einfach nur g\u00fcnstig sch\u00f6ne Bilder haben m\u00f6chten. Hier beim &#8222;fototeam&#8220; kommen alle zusammen. Profit brauchen wir also nicht. Es reicht, wenn wir unsere Kosten f\u00fcr neue Outfits und Dekos, Fahrkosten, Foto-Hintergr\u00fcnde, Bild-Bearbeitungen und mal f\u00fcr ein neues Objektiv oder eine neue Licht-Anlage decken k\u00f6nnen.<\/p>\n<p>[\/et_pb_text][\/et_pb_column][\/et_pb_row][\/et_pb_section]<\/p>\n","protected":false},"excerpt":{"rendered":"<p>Einzel-Freigabe: Fr\u00fchlings-Beauty. Kleines Ballett-Talent. Motiv aus Serie. Momentaufnahme w\u00e4hrend eines Vielseitigkeits-Reitturnieres. Motiv aus Serie. Portrait vor Unsch\u00e4rfe. Motiv aus Serie. Motiv f\u00fcr CD-Cover. Stark nachbearbeitet. Babybauch-Motiv in Graut\u00f6nen bearbeitet. Babybauch in T\u00fcchern &#8222;verpackt&#8220;. Motiv aus Baby-Shooting im Studio. Beispiel aus Fotoserie. Motiv aus Baby-Shooting im Studio. &#8222;Fast&#8220;-Silhouette abends am See. Bild aus Studioserie. Freiheit auf [&hellip;]<\/p>\n","protected":false},"author":1,"featured_media":0,"parent":0,"menu_order":0,"comment_status":"closed","ping_status":"closed","template":"","meta":{"_et_pb_use_builder":"on","_et_pb_old_content":"","_et_gb_content_width":"","footnotes":""},"_links":{"self":[{"href":"https:\/\/www.privat-foto-video.de\/index.php?rest_route=\/wp\/v2\/pages\/49"}],"collection":[{"href":"https:\/\/www.privat-foto-video.de\/index.php?rest_route=\/wp\/v2\/pages"}],"about":[{"href":"https:\/\/www.privat-foto-video.de\/index.php?rest_route=\/wp\/v2\/types\/page"}],"author":[{"embeddable":true,"href":"https:\/\/www.privat-foto-video.de\/index.php?rest_route=\/wp\/v2\/users\/1"}],"replies":[{"embeddable":true,"href":"https:\/\/www.privat-foto-video.de\/index.php?rest_route=%2Fwp%2Fv2%2Fcomments&post=49"}],"version-history":[{"count":102,"href":"https:\/\/www.privat-foto-video.de\/index.php?rest_route=\/wp\/v2\/pages\/49\/revisions"}],"predecessor-version":[{"id":3608,"href":"https:\/\/www.privat-foto-video.de\/index.php?rest_route=\/wp\/v2\/pages\/49\/revisions\/3608"}],"wp:attachment":[{"href":"https:\/\/www.privat-foto-video.de\/index.php?rest_route=%2Fwp%2Fv2%2Fmedia&parent=49"}],"curies":[{"name":"wp","href":"https:\/\/api.w.org\/{rel}","templated":true}]}}