{"id":924,"date":"2019-03-06T21:16:42","date_gmt":"2019-03-06T21:16:42","guid":{"rendered":"http:\/\/www.privat-foto-video.de\/?page_id=924"},"modified":"2019-09-19T21:55:40","modified_gmt":"2019-09-19T21:55:40","slug":"tier-mensch-shootings","status":"publish","type":"page","link":"https:\/\/www.privat-foto-video.de\/?page_id=924","title":{"rendered":"Tier &#038; Mensch -Shootings"},"content":{"rendered":"<p>[et_pb_section bb_built=&#8220;1&#8243; inner_width=&#8220;auto&#8220; inner_max_width=&#8220;1080px&#8220;][et_pb_row][et_pb_column type=&#8220;4_4&#8243; custom_padding__hover=&#8220;|||&#8220; custom_padding=&#8220;|||&#8220;][et_pb_text _builder_version=&#8220;3.2&#8243;]<\/p>\n<p style=\"text-align: center;\">Die folgende Galerie zeigt Ihnen keine ausgesuchten, besonderen Foto-Highlights. Stattdessen sehen Sie einige &#8222;ganz normale&#8220; Aufnahmen aus unseren &#8222;ganz normalen&#8220; Shootings. So erhalten Sie nicht nur einen ehrlichen Eindruck von dem, was Sie von uns erwarten k\u00f6nnen, sondern vor allem auch unterschiedliche Gestaltungsbeispiele unserer Nachbearbeitungen (z.B. Bildausschnitte, Softrahmen, Weichzeichner, s\/w-Varianten, Rasterungen und viele weitere Effekte, die aus der urspr\u00fcnglichen Aufnahme erst das ausdruckstarke Bild machen). Viel Spa\u00df beim Ansehen.<\/p>\n<p style=\"text-align: center;\">An dieser Stelle sagen wir ein gro\u00dfes &#8222;Dankesch\u00f6n&#8220; an alle Models f\u00fcr die Freigabe der Motive.<\/p>\n<p>[\/et_pb_text][\/et_pb_column][\/et_pb_row][et_pb_row][et_pb_column type=&#8220;4_4&#8243; custom_padding__hover=&#8220;|||&#8220; custom_padding=&#8220;|||&#8220;][et_pb_text _builder_version=&#8220;3.26.3&#8243; text_text_shadow_horizontal_length=&#8220;text_text_shadow_style,%91object Object%93&#8243; text_text_shadow_horizontal_length_tablet=&#8220;0px&#8220; text_text_shadow_vertical_length=&#8220;text_text_shadow_style,%91object Object%93&#8243; text_text_shadow_vertical_length_tablet=&#8220;0px&#8220; text_text_shadow_blur_strength=&#8220;text_text_shadow_style,%91object Object%93&#8243; text_text_shadow_blur_strength_tablet=&#8220;1px&#8220; link_text_shadow_horizontal_length=&#8220;link_text_shadow_style,%91object Object%93&#8243; link_text_shadow_horizontal_length_tablet=&#8220;0px&#8220; link_text_shadow_vertical_length=&#8220;link_text_shadow_style,%91object Object%93&#8243; link_text_shadow_vertical_length_tablet=&#8220;0px&#8220; link_text_shadow_blur_strength=&#8220;link_text_shadow_style,%91object Object%93&#8243; link_text_shadow_blur_strength_tablet=&#8220;1px&#8220; ul_text_shadow_horizontal_length=&#8220;ul_text_shadow_style,%91object Object%93&#8243; ul_text_shadow_horizontal_length_tablet=&#8220;0px&#8220; ul_text_shadow_vertical_length=&#8220;ul_text_shadow_style,%91object Object%93&#8243; ul_text_shadow_vertical_length_tablet=&#8220;0px&#8220; ul_text_shadow_blur_strength=&#8220;ul_text_shadow_style,%91object Object%93&#8243; ul_text_shadow_blur_strength_tablet=&#8220;1px&#8220; ol_text_shadow_horizontal_length=&#8220;ol_text_shadow_style,%91object Object%93&#8243; ol_text_shadow_horizontal_length_tablet=&#8220;0px&#8220; ol_text_shadow_vertical_length=&#8220;ol_text_shadow_style,%91object Object%93&#8243; ol_text_shadow_vertical_length_tablet=&#8220;0px&#8220; ol_text_shadow_blur_strength=&#8220;ol_text_shadow_style,%91object Object%93&#8243; ol_text_shadow_blur_strength_tablet=&#8220;1px&#8220; quote_text_shadow_horizontal_length=&#8220;quote_text_shadow_style,%91object Object%93&#8243; quote_text_shadow_horizontal_length_tablet=&#8220;0px&#8220; quote_text_shadow_vertical_length=&#8220;quote_text_shadow_style,%91object Object%93&#8243; quote_text_shadow_vertical_length_tablet=&#8220;0px&#8220; quote_text_shadow_blur_strength=&#8220;quote_text_shadow_style,%91object Object%93&#8243; quote_text_shadow_blur_strength_tablet=&#8220;1px&#8220; header_text_shadow_horizontal_length=&#8220;header_text_shadow_style,%91object Object%93&#8243; header_text_shadow_horizontal_length_tablet=&#8220;0px&#8220; header_text_shadow_vertical_length=&#8220;header_text_shadow_style,%91object Object%93&#8243; header_text_shadow_vertical_length_tablet=&#8220;0px&#8220; header_text_shadow_blur_strength=&#8220;header_text_shadow_style,%91object Object%93&#8243; header_text_shadow_blur_strength_tablet=&#8220;1px&#8220; header_2_text_shadow_horizontal_length=&#8220;header_2_text_shadow_style,%91object Object%93&#8243; header_2_text_shadow_horizontal_length_tablet=&#8220;0px&#8220; header_2_text_shadow_vertical_length=&#8220;header_2_text_shadow_style,%91object Object%93&#8243; header_2_text_shadow_vertical_length_tablet=&#8220;0px&#8220; header_2_text_shadow_blur_strength=&#8220;header_2_text_shadow_style,%91object Object%93&#8243; header_2_text_shadow_blur_strength_tablet=&#8220;1px&#8220; header_3_text_shadow_horizontal_length=&#8220;header_3_text_shadow_style,%91object Object%93&#8243; header_3_text_shadow_horizontal_length_tablet=&#8220;0px&#8220; header_3_text_shadow_vertical_length=&#8220;header_3_text_shadow_style,%91object Object%93&#8243; header_3_text_shadow_vertical_length_tablet=&#8220;0px&#8220; header_3_text_shadow_blur_strength=&#8220;header_3_text_shadow_style,%91object Object%93&#8243; header_3_text_shadow_blur_strength_tablet=&#8220;1px&#8220; header_4_text_shadow_horizontal_length=&#8220;header_4_text_shadow_style,%91object Object%93&#8243; header_4_text_shadow_horizontal_length_tablet=&#8220;0px&#8220; header_4_text_shadow_vertical_length=&#8220;header_4_text_shadow_style,%91object Object%93&#8243; header_4_text_shadow_vertical_length_tablet=&#8220;0px&#8220; header_4_text_shadow_blur_strength=&#8220;header_4_text_shadow_style,%91object Object%93&#8243; header_4_text_shadow_blur_strength_tablet=&#8220;1px&#8220; header_5_text_shadow_horizontal_length=&#8220;header_5_text_shadow_style,%91object Object%93&#8243; header_5_text_shadow_horizontal_length_tablet=&#8220;0px&#8220; header_5_text_shadow_vertical_length=&#8220;header_5_text_shadow_style,%91object Object%93&#8243; header_5_text_shadow_vertical_length_tablet=&#8220;0px&#8220; header_5_text_shadow_blur_strength=&#8220;header_5_text_shadow_style,%91object Object%93&#8243; header_5_text_shadow_blur_strength_tablet=&#8220;1px&#8220; header_6_text_shadow_horizontal_length=&#8220;header_6_text_shadow_style,%91object Object%93&#8243; header_6_text_shadow_horizontal_length_tablet=&#8220;0px&#8220; header_6_text_shadow_vertical_length=&#8220;header_6_text_shadow_style,%91object Object%93&#8243; header_6_text_shadow_vertical_length_tablet=&#8220;0px&#8220; header_6_text_shadow_blur_strength=&#8220;header_6_text_shadow_style,%91object Object%93&#8243; header_6_text_shadow_blur_strength_tablet=&#8220;1px&#8220; box_shadow_horizontal_tablet=&#8220;0px&#8220; box_shadow_vertical_tablet=&#8220;0px&#8220; box_shadow_blur_tablet=&#8220;40px&#8220; box_shadow_spread_tablet=&#8220;0px&#8220; z_index_tablet=&#8220;500&#8243;]<\/p>\n<h1>Pferd &amp; Mensch &#8211; Shootings <\/h1>\n<p>Motiv-Beispiele aus Outdoor-Shootings: &#8222;am sowie auf dem Pferd&#8220;, inklusive unterschiedlicher Nachbearbeitungs-Varianten.<\/p>\n<p>[\/et_pb_text][\/et_pb_column][\/et_pb_row][et_pb_row][et_pb_column type=&#8220;4_4&#8243; custom_padding__hover=&#8220;|||&#8220; custom_padding=&#8220;|||&#8220;][et_pb_gallery admin_label=&#8220;Galerie Mensch und Tier&#8220; _builder_version=&#8220;3.2&#8243; show_title_and_caption=&#8220;off&#8220; background_color=&#8220;#ffffff&#8220; zoom_icon_color=&#8220;#2ea3f2&#8243; hover_overlay_color=&#8220;rgba(255,255,255,0.9)&#8220; posts_number=&#8220;40&#8243; gallery_ids=&#8220;1047,1048,1049,1050,1051,1052,1053,1055,1056,1057,1058,1060,1061,1062,1063,1064,1065,1066,1069,1070,1071,1072,1073,1074,1076,1077,1079,1080,1081,1082,1086,1088,1089,1090,1091,1092,1093,1095,1096,1097,1098,1099,1100,1101,1102,1103,1104,1105,1107,1108,1109,1110,1111,1112,1113,1114,1115,1116,1117,1118,1119,1120,1143,1142,1141,1140,1139,1138,1137,1136,1135,1134,1133,1132,1131,1130,1129,1128,1127,1126,1125,1124,1123,1122&#8243; animation_style=&#8220;fade&#8220; \/][\/et_pb_column][\/et_pb_row][\/et_pb_section]<\/p>\n","protected":false},"excerpt":{"rendered":"<p><div class=\"et_pb_row et_pb_row_0 et_pb_row_empty\">\n\t\t\t\t\n\t\t\t\t\n\t\t\t\t\n\t\t\t\t\n\t\t\t\t\n\t\t\t<\/div> Die folgende Galerie zeigt Ihnen keine ausgesuchten, besonderen Foto-Highlights. Stattdessen sehen Sie einige &#8222;ganz normale&#8220; Aufnahmen aus unseren &#8222;ganz normalen&#8220; Shootings. So erhalten Sie nicht nur einen ehrlichen Eindruck von dem, was Sie von uns erwarten k\u00f6nnen, sondern vor allem auch unterschiedliche Gestaltungsbeispiele unserer Nachbearbeitungen (z.B. Bildausschnitte, Softrahmen, Weichzeichner, s\/w-Varianten, Rasterungen und viele weitere [&hellip;]<\/p>\n","protected":false},"author":1,"featured_media":0,"parent":0,"menu_order":0,"comment_status":"closed","ping_status":"closed","template":"","meta":{"_et_pb_use_builder":"on","_et_pb_old_content":"","_et_gb_content_width":"","footnotes":""},"_links":{"self":[{"href":"https:\/\/www.privat-foto-video.de\/index.php?rest_route=\/wp\/v2\/pages\/924"}],"collection":[{"href":"https:\/\/www.privat-foto-video.de\/index.php?rest_route=\/wp\/v2\/pages"}],"about":[{"href":"https:\/\/www.privat-foto-video.de\/index.php?rest_route=\/wp\/v2\/types\/page"}],"author":[{"embeddable":true,"href":"https:\/\/www.privat-foto-video.de\/index.php?rest_route=\/wp\/v2\/users\/1"}],"replies":[{"embeddable":true,"href":"https:\/\/www.privat-foto-video.de\/index.php?rest_route=%2Fwp%2Fv2%2Fcomments&post=924"}],"version-history":[{"count":14,"href":"https:\/\/www.privat-foto-video.de\/index.php?rest_route=\/wp\/v2\/pages\/924\/revisions"}],"predecessor-version":[{"id":3567,"href":"https:\/\/www.privat-foto-video.de\/index.php?rest_route=\/wp\/v2\/pages\/924\/revisions\/3567"}],"wp:attachment":[{"href":"https:\/\/www.privat-foto-video.de\/index.php?rest_route=%2Fwp%2Fv2%2Fmedia&parent=924"}],"curies":[{"name":"wp","href":"https:\/\/api.w.org\/{rel}","templated":true}]}}